{"id":174,"date":"2026-01-27T09:29:47","date_gmt":"2026-01-27T09:29:47","guid":{"rendered":"https:\/\/gniac.fr\/?page_id=174"},"modified":"2026-01-27T12:53:33","modified_gmt":"2026-01-27T12:53:33","slug":"gniac-cest-quoi","status":"publish","type":"page","link":"https:\/\/gniac.fr\/?page_id=174","title":{"rendered":"Gniac c&rsquo;est quoi?"},"content":{"rendered":"\t\t<div data-elementor-type=\"wp-page\" data-elementor-id=\"174\" class=\"elementor elementor-174\" data-elementor-post-type=\"page\">\n\t\t\t\t<div class=\"elementor-element elementor-element-0d06cf6 e-flex e-con-boxed e-con e-parent\" data-id=\"0d06cf6\" data-element_type=\"container\" data-settings=\"{&quot;background_background&quot;:&quot;classic&quot;}\">\n\t\t\t\t\t<div class=\"e-con-inner\">\n\t\t\t\t<div class=\"elementor-element elementor-element-c3dee00 elementor-widget elementor-widget-theme-post-title elementor-page-title elementor-widget-heading\" data-id=\"c3dee00\" data-element_type=\"widget\" data-widget_type=\"theme-post-title.default\">\n\t\t\t\t\t<h1 class=\"elementor-heading-title elementor-size-default\">Gniac c&rsquo;est quoi?<\/h1>\t\t\t\t<\/div>\n\t\t\t\t\t<\/div>\n\t\t\t\t<\/div>\n\t\t<div class=\"elementor-element elementor-element-b03f953 e-flex e-con-boxed e-con e-parent\" data-id=\"b03f953\" data-element_type=\"container\">\n\t\t\t\t\t<div class=\"e-con-inner\">\n\t\t\t\t<div class=\"elementor-element elementor-element-d02701f elementor-widget elementor-widget-image\" data-id=\"d02701f\" data-element_type=\"widget\" data-widget_type=\"image.default\">\n\t\t\t\t\t\t\t\t\t\t\t\t\t\t\t<img fetchpriority=\"high\" decoding=\"async\" width=\"800\" height=\"450\" src=\"https:\/\/gniac.fr\/wp-content\/uploads\/2026\/01\/Copie-de-GIF-GNIAC22-1024x576.webp\" class=\"attachment-large size-large wp-image-260\" alt=\"\" srcset=\"https:\/\/gniac.fr\/wp-content\/uploads\/2026\/01\/Copie-de-GIF-GNIAC22-1024x576.webp 1024w, https:\/\/gniac.fr\/wp-content\/uploads\/2026\/01\/Copie-de-GIF-GNIAC22-300x169.webp 300w, https:\/\/gniac.fr\/wp-content\/uploads\/2026\/01\/Copie-de-GIF-GNIAC22-768x432.gif 768w, https:\/\/gniac.fr\/wp-content\/uploads\/2026\/01\/Copie-de-GIF-GNIAC22-1536x864.gif 1536w, https:\/\/gniac.fr\/wp-content\/uploads\/2026\/01\/Copie-de-GIF-GNIAC22.webp 1920w\" sizes=\"(max-width: 800px) 100vw, 800px\" \/>\t\t\t\t\t\t\t\t\t\t\t\t\t\t\t<\/div>\n\t\t\t\t<div class=\"elementor-element elementor-element-e15ce74 elementor-align-center elementor-widget elementor-widget-button\" data-id=\"e15ce74\" data-element_type=\"widget\" data-widget_type=\"button.default\">\n\t\t\t\t\t\t\t\t\t\t<a class=\"elementor-button elementor-button-link elementor-size-lg elementor-animation-grow\" href=\"https:\/\/padlet.com\/contact3964\/communaut-gniac-xki9gk18jbqrr543\">\n\t\t\t\t\t\t<span class=\"elementor-button-content-wrapper\">\n\t\t\t\t\t\t\t\t\t<span class=\"elementor-button-text\">Rejoins-nous<\/span>\n\t\t\t\t\t<\/span>\n\t\t\t\t\t<\/a>\n\t\t\t\t\t\t\t\t<\/div>\n\t\t\t\t<div class=\"elementor-element elementor-element-cd62f62 elementor-widget elementor-widget-text-editor\" data-id=\"cd62f62\" data-element_type=\"widget\" data-widget_type=\"text-editor.default\">\n\t\t\t\t\t\t\t\t\t<p>Cr\u00e9\u00e9 en f\u00e9vrier 2014 \u00e0 l&rsquo;initiative de Thierry du Bou\u00ebtiez de Kerorguen, GNIAC est un r\u00e9seau national et actif de personnes qui permet, par le d\u00e9cloisonnement, la transversalit\u00e9 et la bienveillance, de construire de nouveaux liens et de nouvelles solutions d&rsquo;utilit\u00e9 sociale. C&rsquo;est \u00e9galement un lieu de partage d&rsquo;exp\u00e9riences et d&rsquo;expertises, sans hi\u00e9rarchie ni \u00e9tiquettes, un espace de respiration et d&rsquo;ouverture qui permet le renforcement du pouvoir d&rsquo;agir de chacun de ses membres.<\/p><p><a href=\"https:\/\/docs.google.com\/document\/d\/1BWldsexEiqC3G7UGWP-puzNtQ17RGzjD\/edit?usp=sharing&amp;ouid=100575707265288094865&amp;rtpof=true&amp;sd=true\" target=\"_blank\" rel=\"noopener\">Le texte fondateur <span style=\"text-decoration: underline;\">ici<\/span> : De l&rsquo;air !<\/a><\/p><h1>Pourquoi ?<\/h1><p>Le fonctionnement cloisonn\u00e9 des structures publiques et priv\u00e9es engendre une forte d\u00e9perdition d\u2019\u00e9nergie et freine le d\u00e9veloppement d\u2019initiatives port\u00e9es par les acteurs de la soci\u00e9t\u00e9 civile.<br \/>En mutualisant les comp\u00e9tences de personnes motiv\u00e9es issues de diff\u00e9rents milieux, GNIAC se propose de redonner du souffle et de la visibilit\u00e9 \u00e0 ceux qui inventent des solutions pragmatiques aux probl\u00e8mes \u00e9conomiques, sociaux et environnementaux que rencontrent nos concitoyens.<\/p><p>GNIAC fluidifie les partenariats et favorise la coop\u00e9ration entre toutes les structures et organisations qui soutiennent les initiatives utiles pour la soci\u00e9t\u00e9. Il met de l&rsquo;huile dans les rouages et s&rsquo;attelle \u00e0 enlever les grains de sable qui freinent l&rsquo;innovation, en apportant une logique entrepreneuriale et une ing\u00e9nierie de comp\u00e9tences diversifi\u00e9es.<br \/>D\u00e9couvrez le texte fondateur de l&rsquo;association :\u00a0<\/p><h1>Qui ?\u00a0<\/h1><p>GNIAC est un collectif de plus de 500 acteurs citoyens d&rsquo;origines diversifi\u00e9es (entrepreneurs, associatifs, fonctionnaires, retrait\u00e9s&#8230;) engag\u00e9s dans le d\u00e9cloisonnement des mondes, le droit \u00e0 l&rsquo;exp\u00e9rimentation locale, l&rsquo;innovation sociale et soci\u00e9tale. GNIAC c&rsquo;est \u00e9galement un do-tank facilitateur d&rsquo;initiatives et une force d&rsquo;expertises dont l&rsquo;ambition est de faire bouger les lignes en \u00e9tant force de proposition aupr\u00e8s des d\u00e9cideurs politiques.<\/p><p>Entrepreneurs, connecteurs, r\u00e9seauteurs, facilitateurs&#8230; <a href=\"https:\/\/padlet.com\/contact3964\/communaut-gniac-xki9gk18jbqrr543\">D\u00e9couvrez la diversit\u00e9 des Gniacqueurs.<\/a><\/p>\t\t\t\t\t\t\t\t<\/div>\n\t\t\t\t\t<\/div>\n\t\t\t\t<\/div>\n\t\t\t\t<\/div>\n\t\t","protected":false},"excerpt":{"rendered":"<p>Rejoins-nous Cr\u00e9\u00e9 en f\u00e9vrier 2014 \u00e0 l&rsquo;initiative de Thierry du Bou\u00ebtiez de Kerorguen, GNIAC est un r\u00e9seau national et actif de personnes qui permet, par le d\u00e9cloisonnement, la transversalit\u00e9 et la bienveillance, de construire de nouveaux liens et de nouvelles solutions d&rsquo;utilit\u00e9 sociale. C&rsquo;est \u00e9galement un lieu de partage d&rsquo;exp\u00e9riences et d&rsquo;expertises, sans hi\u00e9rarchie ni [&hellip;]<\/p>\n","protected":false},"author":1,"featured_media":0,"parent":0,"menu_order":0,"comment_status":"closed","ping_status":"closed","template":"","meta":{"footnotes":""},"class_list":["post-174","page","type-page","status-publish","hentry"],"_links":{"self":[{"href":"https:\/\/gniac.fr\/index.php?rest_route=\/wp\/v2\/pages\/174","targetHints":{"allow":["GET"]}}],"collection":[{"href":"https:\/\/gniac.fr\/index.php?rest_route=\/wp\/v2\/pages"}],"about":[{"href":"https:\/\/gniac.fr\/index.php?rest_route=\/wp\/v2\/types\/page"}],"author":[{"embeddable":true,"href":"https:\/\/gniac.fr\/index.php?rest_route=\/wp\/v2\/users\/1"}],"replies":[{"embeddable":true,"href":"https:\/\/gniac.fr\/index.php?rest_route=%2Fwp%2Fv2%2Fcomments&post=174"}],"version-history":[{"count":30,"href":"https:\/\/gniac.fr\/index.php?rest_route=\/wp\/v2\/pages\/174\/revisions"}],"predecessor-version":[{"id":284,"href":"https:\/\/gniac.fr\/index.php?rest_route=\/wp\/v2\/pages\/174\/revisions\/284"}],"wp:attachment":[{"href":"https:\/\/gniac.fr\/index.php?rest_route=%2Fwp%2Fv2%2Fmedia&parent=174"}],"curies":[{"name":"wp","href":"https:\/\/api.w.org\/{rel}","templated":true}]}}